{"id":15,"date":"2022-02-23T16:52:48","date_gmt":"2022-02-23T15:52:48","guid":{"rendered":"https:\/\/www.mattrybansky.com\/home-type-a\/"},"modified":"2025-04-10T22:36:48","modified_gmt":"2025-04-10T20:36:48","slug":"matt-rybansky-photography","status":"publish","type":"page","link":"https:\/\/www.mattrybansky.com\/en\/","title":{"rendered":"Matt Rybansky Photography"},"content":{"rendered":"\n<h2 class=\"wp-block-heading\" id=\"h-fotograf-bratislava-a-okolie\"><strong>Fotograf &#8211; Bratislava a okolie<\/strong><\/h2>\n\n\n\n<p><\/p>\n","protected":false},"excerpt":{"rendered":"<p>Fotograf &#8211; Bratislava a okolie<\/p>\n","protected":false},"author":3,"featured_media":91,"parent":0,"menu_order":0,"comment_status":"closed","ping_status":"closed","template":"","meta":{"_mi_skip_tracking":false,"_monsterinsights_sitenote_active":false,"_monsterinsights_sitenote_note":"","_monsterinsights_sitenote_category":0},"yoast_head":"<!-- This site is optimized with the Yoast SEO Premium plugin v20.9 (Yoast SEO v20.9) - https:\/\/yoast.com\/wordpress\/plugins\/seo\/ -->\n<title>Matt Rybansky Photography - Fotograf Bratislava<\/title>\n<meta name=\"description\" content=\"Profesion\u00e1lny fotograf v Bratislave (Ru\u017einov). Reklamn\u00e9 fotografie | Biznis portr\u00e9ty | Interi\u00e9ry a architekt\u00fara | Jedlo a Food Photography\" \/>\n<meta name=\"robots\" content=\"index, follow, max-snippet:-1, max-image-preview:large, max-video-preview:-1\" \/>\n<link rel=\"canonical\" href=\"https:\/\/www.mattrybansky.com\/en\/\" \/>\n<meta property=\"og:locale\" content=\"en_US\" \/>\n<meta property=\"og:type\" content=\"article\" \/>\n<meta property=\"og:title\" content=\"Matt Rybansky Photography\" \/>\n<meta property=\"og:description\" content=\"Profesion\u00e1lny fotograf v Bratislave (Ru\u017einov). Reklamn\u00e9 fotografie | Biznis portr\u00e9ty | Interi\u00e9ry a architekt\u00fara | Jedlo a Food Photography\" \/>\n<meta property=\"og:url\" content=\"https:\/\/www.mattrybansky.com\/en\/\" \/>\n<meta property=\"og:site_name\" content=\"Matt Rybansky Photography\" \/>\n<meta property=\"article:modified_time\" content=\"2025-04-10T20:36:48+00:00\" \/>\n<meta property=\"og:image\" content=\"https:\/\/www.mattrybansky.com\/en\/wp-content\/uploads\/sites\/3\/2022\/03\/Matt_Rybansky_Photography_logo_icon.png\" \/>\n\t<meta property=\"og:image:width\" content=\"512\" \/>\n\t<meta property=\"og:image:height\" content=\"512\" \/>\n\t<meta property=\"og:image:type\" content=\"image\/png\" \/>\n<meta name=\"twitter:card\" content=\"summary_large_image\" \/>\n<meta name=\"twitter:label1\" content=\"Est. reading time\" \/>\n\t<meta name=\"twitter:data1\" content=\"1 minute\" \/>\n<script type=\"application\/ld+json\" class=\"yoast-schema-graph\">{\"@context\":\"https:\/\/schema.org\",\"@graph\":[{\"@type\":\"WebPage\",\"@id\":\"https:\/\/www.mattrybansky.com\/en\/\",\"url\":\"https:\/\/www.mattrybansky.com\/en\/\",\"name\":\"Matt Rybansky Photography - Fotograf Bratislava\",\"isPartOf\":{\"@id\":\"https:\/\/www.mattrybansky.com\/en\/#website\"},\"datePublished\":\"2022-02-23T15:52:48+00:00\",\"dateModified\":\"2025-04-10T20:36:48+00:00\",\"description\":\"Profesion\u00e1lny fotograf v Bratislave (Ru\u017einov). Reklamn\u00e9 fotografie | Biznis portr\u00e9ty | Interi\u00e9ry a architekt\u00fara | Jedlo a Food Photography\",\"breadcrumb\":{\"@id\":\"https:\/\/www.mattrybansky.com\/en\/#breadcrumb\"},\"inLanguage\":\"en-US\",\"potentialAction\":[{\"@type\":\"ReadAction\",\"target\":[\"https:\/\/www.mattrybansky.com\/en\/\"]}]},{\"@type\":\"BreadcrumbList\",\"@id\":\"https:\/\/www.mattrybansky.com\/en\/#breadcrumb\",\"itemListElement\":[{\"@type\":\"ListItem\",\"position\":1,\"name\":\"Domovsk\u00e1 str\u00e1nka\",\"item\":\"https:\/\/www.mattrybansky.com\/en\/\"},{\"@type\":\"ListItem\",\"position\":2,\"name\":\"Matt Rybansky Photography\"}]},{\"@type\":\"WebSite\",\"@id\":\"https:\/\/www.mattrybansky.com\/en\/#website\",\"url\":\"https:\/\/www.mattrybansky.com\/en\/\",\"name\":\"Matt Rybansky Photography\",\"description\":\"Professional photographer Bratislava\",\"potentialAction\":[{\"@type\":\"SearchAction\",\"target\":{\"@type\":\"EntryPoint\",\"urlTemplate\":\"https:\/\/www.mattrybansky.com\/en\/?s={search_term_string}\"},\"query-input\":\"required name=search_term_string\"}],\"inLanguage\":\"en-US\"}]}<\/script>\n<!-- \/ Yoast SEO Premium plugin. -->","yoast_head_json":{"title":"Matt Rybansky Photography - Fotograf Bratislava","description":"Profesion\u00e1lny fotograf v Bratislave (Ru\u017einov). Reklamn\u00e9 fotografie | Biznis portr\u00e9ty | Interi\u00e9ry a architekt\u00fara | Jedlo a Food Photography","robots":{"index":"index","follow":"follow","max-snippet":"max-snippet:-1","max-image-preview":"max-image-preview:large","max-video-preview":"max-video-preview:-1"},"canonical":"https:\/\/www.mattrybansky.com\/en\/","og_locale":"en_US","og_type":"article","og_title":"Matt Rybansky Photography","og_description":"Profesion\u00e1lny fotograf v Bratislave (Ru\u017einov). Reklamn\u00e9 fotografie | Biznis portr\u00e9ty | Interi\u00e9ry a architekt\u00fara | Jedlo a Food Photography","og_url":"https:\/\/www.mattrybansky.com\/en\/","og_site_name":"Matt Rybansky Photography","article_modified_time":"2025-04-10T20:36:48+00:00","og_image":[{"width":512,"height":512,"url":"https:\/\/www.mattrybansky.com\/en\/wp-content\/uploads\/sites\/3\/2022\/03\/Matt_Rybansky_Photography_logo_icon.png","type":"image\/png"}],"twitter_card":"summary_large_image","twitter_misc":{"Est. reading time":"1 minute"},"schema":{"@context":"https:\/\/schema.org","@graph":[{"@type":"WebPage","@id":"https:\/\/www.mattrybansky.com\/en\/","url":"https:\/\/www.mattrybansky.com\/en\/","name":"Matt Rybansky Photography - Fotograf Bratislava","isPartOf":{"@id":"https:\/\/www.mattrybansky.com\/en\/#website"},"datePublished":"2022-02-23T15:52:48+00:00","dateModified":"2025-04-10T20:36:48+00:00","description":"Profesion\u00e1lny fotograf v Bratislave (Ru\u017einov). Reklamn\u00e9 fotografie | Biznis portr\u00e9ty | Interi\u00e9ry a architekt\u00fara | Jedlo a Food Photography","breadcrumb":{"@id":"https:\/\/www.mattrybansky.com\/en\/#breadcrumb"},"inLanguage":"en-US","potentialAction":[{"@type":"ReadAction","target":["https:\/\/www.mattrybansky.com\/en\/"]}]},{"@type":"BreadcrumbList","@id":"https:\/\/www.mattrybansky.com\/en\/#breadcrumb","itemListElement":[{"@type":"ListItem","position":1,"name":"Domovsk\u00e1 str\u00e1nka","item":"https:\/\/www.mattrybansky.com\/en\/"},{"@type":"ListItem","position":2,"name":"Matt Rybansky Photography"}]},{"@type":"WebSite","@id":"https:\/\/www.mattrybansky.com\/en\/#website","url":"https:\/\/www.mattrybansky.com\/en\/","name":"Matt Rybansky Photography","description":"Professional photographer Bratislava","potentialAction":[{"@type":"SearchAction","target":{"@type":"EntryPoint","urlTemplate":"https:\/\/www.mattrybansky.com\/en\/?s={search_term_string}"},"query-input":"required name=search_term_string"}],"inLanguage":"en-US"}]}},"_links":{"self":[{"href":"https:\/\/www.mattrybansky.com\/en\/wp-json\/wp\/v2\/pages\/15"}],"collection":[{"href":"https:\/\/www.mattrybansky.com\/en\/wp-json\/wp\/v2\/pages"}],"about":[{"href":"https:\/\/www.mattrybansky.com\/en\/wp-json\/wp\/v2\/types\/page"}],"author":[{"embeddable":true,"href":"https:\/\/www.mattrybansky.com\/en\/wp-json\/wp\/v2\/users\/3"}],"replies":[{"embeddable":true,"href":"https:\/\/www.mattrybansky.com\/en\/wp-json\/wp\/v2\/comments?post=15"}],"version-history":[{"count":6,"href":"https:\/\/www.mattrybansky.com\/en\/wp-json\/wp\/v2\/pages\/15\/revisions"}],"predecessor-version":[{"id":985,"href":"https:\/\/www.mattrybansky.com\/en\/wp-json\/wp\/v2\/pages\/15\/revisions\/985"}],"wp:featuredmedia":[{"embeddable":true,"href":"https:\/\/www.mattrybansky.com\/en\/wp-json\/wp\/v2\/media\/91"}],"wp:attachment":[{"href":"https:\/\/www.mattrybansky.com\/en\/wp-json\/wp\/v2\/media?parent=15"}],"curies":[{"name":"wp","href":"https:\/\/api.w.org\/{rel}","templated":true}]}}